{"id":161,"date":"2020-06-04T16:13:00","date_gmt":"2020-06-04T14:13:00","guid":{"rendered":"http:\/\/teresacatalan.com\/?page_id=161"},"modified":"2025-03-24T22:09:55","modified_gmt":"2025-03-24T20:09:55","slug":"otros-medios","status":"publish","type":"page","link":"https:\/\/teresacatalan.com\/?page_id=161","title":{"rendered":"Otros medios"},"content":{"rendered":"\n<details class=\"wp-block-details is-layout-flow wp-block-details-is-layout-flow\"><summary>Internet<\/summary>\n<ul class=\"wp-block-list\">\n<li><strong><a href=\"http:\/\/mar.ugr.es\/static\/MAR_Revista\/*\/4\/articulos\/presente-imperfecto-y-futuro-condicional-de-los-conservatorios-una-vision-desde-el-compromiso\" target=\"_blank\" rel=\"noreferrer noopener\">PRESENTE IMPERFECTO Y FUTURO CONDICIONAL DE LOS CONSERVATORIOS: UNA VISI\u00d3N DESDE EL COMPROMISO<\/a><\/strong><br><em>Publicado en<\/em>: MAR. M\u00fasica de Andaluc\u00eda en red. N\u00ba 4, N\u00famero extraordinario &#8211; Universidad y los Conservatorios Superiores de M\u00fasica. Universidad de Granada, 2014.<br>ISSN: 2172 \u2013 9336.<a href=\"http:\/\/www.teresacatalan.com\/multimedia\/otrosmedios\/presenteimperfecto.pdf\" target=\"_blank\" rel=\"noreferrer noopener\"><\/a><\/li>\n<\/ul>\n\n\n\n<ul class=\"wp-block-list\">\n<li><strong>RAM\u00d3N BARCE Y SU APORTACI\u00d3N: EL M\u00daSICO PENSADOR<\/strong><br><em>Publicado en<\/em>: Espacio Sonoro, n\u00ba 18, enero de 2009.<br>ISSN: 1887 \u2013 2093. D.L.: SE-2436-04.<br><a href=\"http:\/\/www.teresacatalan.com\/multimedia\/otrosmedios\/ramonbarce.pdf\" target=\"_blank\" rel=\"noreferrer noopener\"><\/a><\/li>\n<\/ul>\n\n\n\n<ul class=\"wp-block-list\">\n<li><strong>EL SISTEMA COMO NECESIDAD<\/strong><br><em>Publicado en<\/em>: Revista Mundocl\u00e1sico.com Diario Internacional de M\u00fasica Cl\u00e1sica. 1 de marzo de 2005.<\/li>\n<\/ul>\n<\/details>\n\n\n\n<details class=\"wp-block-details is-layout-flow wp-block-details-is-layout-flow\"><summary>Peri\u00f3dicos<\/summary>\n<ul class=\"wp-block-list\">\n<li><strong>EL MAESTRO AGUST\u00cdN GONZ\u00c1LEZ ACILU<\/strong><br><em>Publicado en<\/em>: Diario de Noticias, 20 de noviembre de 1998.<\/li>\n<\/ul>\n\n\n\n<ul class=\"wp-block-list\">\n<li><strong>Y EL DOLMEN<\/strong><br><em>Publicado en<\/em>: Suplemento de Navarra Hoy, mayo de 1987.<\/li>\n<\/ul>\n<\/details>\n\n\n\n<details class=\"wp-block-details is-layout-flow wp-block-details-is-layout-flow\"><summary>Radio<\/summary>\n<ul class=\"wp-block-list\">\n<li><strong>SERRANILLAS<\/strong><br>Ib\u00eddem Radio (rese\u00f1as). 14 de julio de 2014.<\/li>\n<\/ul>\n\n\n\n<ul class=\"wp-block-list\">\n<li><strong><a href=\"http:\/\/www.rtve.es\/alacarta\/audios\/al-margen\/al-margen-inventario-de-inventores-teresa-catalan-13-10-09\/719459\/#aHR0cDovL3d3dy5ydHZlLmVzL2FsYWNhcnRhL2ludGVybm8vY29udGVudHRhYmxlLnNodG1sP3BicT0xMiZtb2RsPVRPQyZsb2NhbGU9ZXMmcGFnZVNpemU9MTImY3R4PTMzODMwJmFkdlNlYXJjaE9wZW49ZmFsc2U\" target=\"_blank\" rel=\"noreferrer noopener\">AL MARGEN &#8211; INVENTARIO DE INVENTORES &#8211; TERESA CATAL\u00c1N<\/a><\/strong><br>Director: Marcos Cast\u00e1n. Radio Cl\u00e1sica RNE. 13 de octubre de 2009.<\/li>\n<\/ul>\n\n\n\n<ul class=\"wp-block-list\">\n<li><strong>LOS SONIDOS DE NAVARRA<\/strong><br>Cadena SER, 1998.<\/li>\n<\/ul>\n<\/details>\n\n\n\n<details class=\"wp-block-details is-layout-flow wp-block-details-is-layout-flow\"><summary>Programas de concierto<\/summary>\n<ul class=\"wp-block-list\">\n<li><strong>LA CONFLUENCIA DE LAS ARTES<\/strong><br>Texto para el programa del concierto celebrado en el Palacio de Ituren, homenaje a Javier Sagard\u00eda (pintor), 27 de junio de 2015.<\/li>\n<\/ul>\n\n\n\n<ul class=\"wp-block-list\">\n<li><strong>ESCUCHAR, INTERPRETAR, CREAR LA M\u00daSICA<\/strong><br>Texto para el programa del concierto celebrado en el Real Conservatorio Superior de M\u00fasica de Madrid, mayo de 2011.<\/li>\n<\/ul>\n\n\n\n<ul class=\"wp-block-list\">\n<li><strong>J\u00d3VENES Y\u2026 COMPOSITORES<\/strong><br>Texto para el programa del concierto celebrado en el Real Conservatorio Superior de M\u00fasica de Madrid, mayo de 2010.<\/li>\n<\/ul>\n\n\n\n<ul class=\"wp-block-list\">\n<li><strong>VILLAJARD\u00cdN Y LA BELLEZA<\/strong><br>Texto para el programa del concierto celebrado en Villa Jard\u00edn (Menorca), julio de 2010.<\/li>\n<\/ul>\n\n\n\n<ul class=\"wp-block-list\">\n<li><strong>HOMENAJE A RAM\u00d3N BARCE<\/strong><br>Texto para el programa y notas al programa. Fundaci\u00f3n Juan March. Madrid, abril de 2008.<\/li>\n<\/ul>\n\n\n\n<ul class=\"wp-block-list\">\n<li><strong>O\u00cdR EN MONSERRAT<\/strong><br>Texto para el programa \u2013 disco del XXV aniversario de la \u201cSemana Internacional de M\u00fasica de Monserrat\u201d (Valencia), julio de 2005.<\/li>\n<\/ul>\n\n\n\n<ul class=\"wp-block-list\">\n<li><strong>SI LES ESCUCHA, HAY PREMIO<\/strong><br>Texto de introducci\u00f3n al programa del I Concierto de J\u00f3venes Compositores celebrado en el Conservatorio Profesional de M\u00fasica de Lucena (C\u00f3rdoba), abril de 2005.<\/li>\n<\/ul>\n\n\n\n<ul class=\"wp-block-list\">\n<li><strong>PEQUE\u00d1OS GRANDES INT\u00c9RPRETES<\/strong><br>Texto para el programa de concierto celebrado en el Patio de los Gigantes de Pamplona los d\u00edas 22 y 28 de junio de 2002.<\/li>\n<\/ul>\n\n\n\n<ul class=\"wp-block-list\">\n<li><strong>ARCHILLE CLAUDE DEBUSSY<\/strong><br>Texto para el programa de concierto celebrado en el Centro Cultural CAI (Paseo de las Damas, 11) de Zaragoza en 1997.<\/li>\n<\/ul>\n\n\n\n<ul class=\"wp-block-list\">\n<li><strong>HOMENAJE A GOYA<\/strong><br>Texto para los programas de concierto celebrados en el Auditorio de Zaragoza (29-III-1996), el Auditori Municipal Enric Granados de Lleida 30-III-1996), y en el Planetario de Pamplona (21-V-1996).<\/li>\n<\/ul>\n<\/details>\n\n\n\n<details class=\"wp-block-details is-layout-flow wp-block-details-is-layout-flow\"><summary>Libretos de CD y DVD<\/summary>\n<ul class=\"wp-block-list\">\n<li><strong>DE MAESTRO A MAESTRO<\/strong><br>Art\u00edculo en el CD de \u00abFernando Remacha (Obra vocal)\u00bb, Colecci\u00f3n ARS INC\u00d3GNITA.<br>EN PRENSA.<\/li>\n<\/ul>\n<\/details>\n\n\n\n<details class=\"wp-block-details is-layout-flow wp-block-details-is-layout-flow\"><summary>Programas de exposiciones<\/summary>\n<ul class=\"wp-block-list\">\n<li><strong>OBSERVAR<\/strong><br>Texto para el programa de la exposici\u00f3n de pintura presentada por Javier Sagard\u00eda en la Galer\u00eda Lekune. Pamplona, 6 \u2013 28 de mayo de 1994.<\/li>\n<\/ul>\n<\/details>\n\n\n\n<p><\/p>\n","protected":false},"excerpt":{"rendered":"","protected":false},"author":1,"featured_media":0,"parent":0,"menu_order":0,"comment_status":"closed","ping_status":"closed","template":"","meta":{"ngg_post_thumbnail":0,"footnotes":""},"class_list":["post-161","page","type-page","status-publish","hentry"],"_links":{"self":[{"href":"https:\/\/teresacatalan.com\/index.php?rest_route=\/wp\/v2\/pages\/161","targetHints":{"allow":["GET"]}}],"collection":[{"href":"https:\/\/teresacatalan.com\/index.php?rest_route=\/wp\/v2\/pages"}],"about":[{"href":"https:\/\/teresacatalan.com\/index.php?rest_route=\/wp\/v2\/types\/page"}],"author":[{"embeddable":true,"href":"https:\/\/teresacatalan.com\/index.php?rest_route=\/wp\/v2\/users\/1"}],"replies":[{"embeddable":true,"href":"https:\/\/teresacatalan.com\/index.php?rest_route=%2Fwp%2Fv2%2Fcomments&post=161"}],"version-history":[{"count":15,"href":"https:\/\/teresacatalan.com\/index.php?rest_route=\/wp\/v2\/pages\/161\/revisions"}],"predecessor-version":[{"id":1844,"href":"https:\/\/teresacatalan.com\/index.php?rest_route=\/wp\/v2\/pages\/161\/revisions\/1844"}],"wp:attachment":[{"href":"https:\/\/teresacatalan.com\/index.php?rest_route=%2Fwp%2Fv2%2Fmedia&parent=161"}],"curies":[{"name":"wp","href":"https:\/\/api.w.org\/{rel}","templated":true}]}}